{"id":138,"date":"2025-04-20T11:25:45","date_gmt":"2025-04-20T11:25:45","guid":{"rendered":"https:\/\/xn--knneplanter-ggb.dk\/?page_id=138"},"modified":"2025-05-10T20:28:21","modified_gmt":"2025-05-10T20:28:21","slug":"fagligt","status":"publish","type":"page","link":"https:\/\/xn--knneplanter-ggb.dk\/?page_id=138","title":{"rendered":"Fagligt"},"content":{"rendered":"\n<p>Om det, jeg har l\u00e6rt under gartneruddannelsen og p\u00e5 min l\u00e6replads.<\/p>\n\n\n<ul class=\"wp-block-latest-posts__list wp-block-latest-posts\"><\/ul>\n\n\n<p><\/p>\n","protected":false},"excerpt":{"rendered":"<p>Om det, jeg har l\u00e6rt under gartneruddannelsen og p\u00e5 min l\u00e6replads.<\/p>\n","protected":false},"author":1,"featured_media":59,"parent":0,"menu_order":0,"comment_status":"closed","ping_status":"closed","template":"","meta":{"footnotes":""},"class_list":["post-138","page","type-page","status-publish","has-post-thumbnail","hentry"],"_links":{"self":[{"href":"https:\/\/xn--knneplanter-ggb.dk\/index.php?rest_route=\/wp\/v2\/pages\/138","targetHints":{"allow":["GET"]}}],"collection":[{"href":"https:\/\/xn--knneplanter-ggb.dk\/index.php?rest_route=\/wp\/v2\/pages"}],"about":[{"href":"https:\/\/xn--knneplanter-ggb.dk\/index.php?rest_route=\/wp\/v2\/types\/page"}],"author":[{"embeddable":true,"href":"https:\/\/xn--knneplanter-ggb.dk\/index.php?rest_route=\/wp\/v2\/users\/1"}],"replies":[{"embeddable":true,"href":"https:\/\/xn--knneplanter-ggb.dk\/index.php?rest_route=%2Fwp%2Fv2%2Fcomments&post=138"}],"version-history":[{"count":5,"href":"https:\/\/xn--knneplanter-ggb.dk\/index.php?rest_route=\/wp\/v2\/pages\/138\/revisions"}],"predecessor-version":[{"id":598,"href":"https:\/\/xn--knneplanter-ggb.dk\/index.php?rest_route=\/wp\/v2\/pages\/138\/revisions\/598"}],"wp:featuredmedia":[{"embeddable":true,"href":"https:\/\/xn--knneplanter-ggb.dk\/index.php?rest_route=\/wp\/v2\/media\/59"}],"wp:attachment":[{"href":"https:\/\/xn--knneplanter-ggb.dk\/index.php?rest_route=%2Fwp%2Fv2%2Fmedia&parent=138"}],"curies":[{"name":"wp","href":"https:\/\/api.w.org\/{rel}","templated":true}]}}