{"id":18,"date":"2025-04-19T22:14:20","date_gmt":"2025-04-19T22:14:20","guid":{"rendered":"https:\/\/xn--knneplanter-ggb.dk\/?page_id=18"},"modified":"2025-05-21T17:37:53","modified_gmt":"2025-05-21T17:37:53","slug":"hjem","status":"publish","type":"page","link":"https:\/\/xn--knneplanter-ggb.dk\/","title":{"rendered":"Velkommen i det gr\u00f8nne!"},"content":{"rendered":"\n<p>P\u00e5 denne side samler jeg det, jeg l\u00e6rer om planter p\u00e5 gartneruddannelsen, igennem min l\u00e6retid og generelt ved at passe og pleje mine egne planter.<\/p>\n\n\n\n<p>Hensigten er en slags logbog, hvor indl\u00e6ggene opdateres l\u00f8bende, og nye kommer til, med erfaringer, eksperimenter, tips og tricks, fakta og ikke mindst billeder af \u2013 mere eller mindre \u2013 k\u00f8nne planter eller bare noget, jeg synes er interessant og planterelateret.<\/p>\n","protected":false},"excerpt":{"rendered":"<p>P\u00e5 denne side samler jeg det, jeg l\u00e6rer om planter p\u00e5 gartneruddannelsen, igennem min l\u00e6retid og generelt ved at passe og pleje mine egne planter. Hensigten er en slags logbog, hvor indl\u00e6ggene opdateres l\u00f8bende, og nye kommer til, med erfaringer, eksperimenter, tips og tricks, fakta og ikke mindst billeder af \u2013 mere eller mindre \u2013 &hellip; <\/p>\n<p class=\"link-more\"><a href=\"https:\/\/xn--knneplanter-ggb.dk\/\" class=\"more-link\">L\u00e6s videre<span class=\"screen-reader-text\"> &#8220;Velkommen i det gr\u00f8nne!&#8221;<\/span><\/a><\/p>\n","protected":false},"author":1,"featured_media":0,"parent":0,"menu_order":0,"comment_status":"closed","ping_status":"closed","template":"","meta":{"footnotes":""},"class_list":["post-18","page","type-page","status-publish","hentry"],"_links":{"self":[{"href":"https:\/\/xn--knneplanter-ggb.dk\/index.php?rest_route=\/wp\/v2\/pages\/18","targetHints":{"allow":["GET"]}}],"collection":[{"href":"https:\/\/xn--knneplanter-ggb.dk\/index.php?rest_route=\/wp\/v2\/pages"}],"about":[{"href":"https:\/\/xn--knneplanter-ggb.dk\/index.php?rest_route=\/wp\/v2\/types\/page"}],"author":[{"embeddable":true,"href":"https:\/\/xn--knneplanter-ggb.dk\/index.php?rest_route=\/wp\/v2\/users\/1"}],"replies":[{"embeddable":true,"href":"https:\/\/xn--knneplanter-ggb.dk\/index.php?rest_route=%2Fwp%2Fv2%2Fcomments&post=18"}],"version-history":[{"count":12,"href":"https:\/\/xn--knneplanter-ggb.dk\/index.php?rest_route=\/wp\/v2\/pages\/18\/revisions"}],"predecessor-version":[{"id":740,"href":"https:\/\/xn--knneplanter-ggb.dk\/index.php?rest_route=\/wp\/v2\/pages\/18\/revisions\/740"}],"wp:attachment":[{"href":"https:\/\/xn--knneplanter-ggb.dk\/index.php?rest_route=%2Fwp%2Fv2%2Fmedia&parent=18"}],"curies":[{"name":"wp","href":"https:\/\/api.w.org\/{rel}","templated":true}]}}