{"id":19,"date":"2025-04-19T22:14:20","date_gmt":"2025-04-19T22:14:20","guid":{"rendered":"https:\/\/xn--knneplanter-ggb.dk\/?page_id=19"},"modified":"2025-05-10T20:28:52","modified_gmt":"2025-05-10T20:28:52","slug":"om","status":"publish","type":"page","link":"https:\/\/xn--knneplanter-ggb.dk\/?page_id=19","title":{"rendered":"Om mig"},"content":{"rendered":"\n<p>Mit navn er Jeanet, og jeg er i gang med at uddanne mig til gartner. Jeg har afsluttet grundforl\u00f8bet p\u00e5 Roskilde Tekniske Skole i juni 2024 og er pt. i gang med min l\u00e6retid som elev i et planteservicefirma.<\/p>\n\n\n<ul class=\"wp-block-latest-posts__list wp-block-latest-posts\"><\/ul>\n\n\n<p><\/p>\n","protected":false},"excerpt":{"rendered":"<p>Mit navn er Jeanet, og jeg er i gang med at uddanne mig til gartner. Jeg har afsluttet grundforl\u00f8bet p\u00e5 Roskilde Tekniske Skole i juni 2024 og er pt. i gang med min l\u00e6retid som elev i et planteservicefirma.<\/p>\n","protected":false},"author":1,"featured_media":364,"parent":0,"menu_order":0,"comment_status":"closed","ping_status":"closed","template":"","meta":{"footnotes":""},"class_list":["post-19","page","type-page","status-publish","has-post-thumbnail","hentry"],"_links":{"self":[{"href":"https:\/\/xn--knneplanter-ggb.dk\/index.php?rest_route=\/wp\/v2\/pages\/19","targetHints":{"allow":["GET"]}}],"collection":[{"href":"https:\/\/xn--knneplanter-ggb.dk\/index.php?rest_route=\/wp\/v2\/pages"}],"about":[{"href":"https:\/\/xn--knneplanter-ggb.dk\/index.php?rest_route=\/wp\/v2\/types\/page"}],"author":[{"embeddable":true,"href":"https:\/\/xn--knneplanter-ggb.dk\/index.php?rest_route=\/wp\/v2\/users\/1"}],"replies":[{"embeddable":true,"href":"https:\/\/xn--knneplanter-ggb.dk\/index.php?rest_route=%2Fwp%2Fv2%2Fcomments&post=19"}],"version-history":[{"count":8,"href":"https:\/\/xn--knneplanter-ggb.dk\/index.php?rest_route=\/wp\/v2\/pages\/19\/revisions"}],"predecessor-version":[{"id":600,"href":"https:\/\/xn--knneplanter-ggb.dk\/index.php?rest_route=\/wp\/v2\/pages\/19\/revisions\/600"}],"wp:featuredmedia":[{"embeddable":true,"href":"https:\/\/xn--knneplanter-ggb.dk\/index.php?rest_route=\/wp\/v2\/media\/364"}],"wp:attachment":[{"href":"https:\/\/xn--knneplanter-ggb.dk\/index.php?rest_route=%2Fwp%2Fv2%2Fmedia&parent=19"}],"curies":[{"name":"wp","href":"https:\/\/api.w.org\/{rel}","templated":true}]}}